{"id":153,"date":"2023-06-30T15:48:32","date_gmt":"2023-06-30T15:48:32","guid":{"rendered":"https:\/\/decalcer.com\/wp\/?page_id=153"},"modified":"2025-10-07T08:40:31","modified_gmt":"2025-10-07T08:40:31","slug":"vidro","status":"publish","type":"page","link":"https:\/\/www.decalcer.com\/en\/vidro\/","title":{"rendered":"Vidro"},"content":{"rendered":"<div data-elementor-type=\"wp-page\" data-elementor-id=\"153\" class=\"elementor elementor-153\" data-elementor-post-type=\"page\">\n\t\t\t\t<div class=\"elementor-element elementor-element-6e1c676 e-flex e-con-boxed e-con e-parent\" data-id=\"6e1c676\" data-element_type=\"container\">\n\t\t\t\t\t<div class=\"e-con-inner\">\n\t\t\t\t<div class=\"elementor-element elementor-element-e34d5c6 elementor-widget elementor-widget-image\" data-id=\"e34d5c6\" data-element_type=\"widget\" data-widget_type=\"image.default\">\n\t\t\t\t<div class=\"elementor-widget-container\">\n\t\t\t\t\t\t\t\t\t\t\t\t\t\t\t<img fetchpriority=\"high\" decoding=\"async\" width=\"1400\" height=\"933\" src=\"https:\/\/www.decalcer.com\/wp-content\/uploads\/2023\/06\/vidrobammer.jpg\" class=\"attachment-2048x2048 size-2048x2048 wp-image-287\" alt=\"\" srcset=\"https:\/\/www.decalcer.com\/wp-content\/uploads\/2023\/06\/vidrobammer.jpg 1400w, https:\/\/www.decalcer.com\/wp-content\/uploads\/2023\/06\/vidrobammer-300x200.jpg 300w, https:\/\/www.decalcer.com\/wp-content\/uploads\/2023\/06\/vidrobammer-1024x682.jpg 1024w, https:\/\/www.decalcer.com\/wp-content\/uploads\/2023\/06\/vidrobammer-768x512.jpg 768w\" sizes=\"(max-width: 1400px) 100vw, 1400px\" \/>\t\t\t\t\t\t\t\t\t\t\t\t\t\t\t<\/div>\n\t\t\t\t<\/div>\n\t\t\t\t\t<\/div>\n\t\t\t\t<\/div>\n\t\t<div class=\"elementor-element elementor-element-9c38946 e-flex e-con-boxed e-con e-parent\" data-id=\"9c38946\" data-element_type=\"container\">\n\t\t\t\t\t<div class=\"e-con-inner\">\n\t\t\t\t<div class=\"elementor-element elementor-element-19df459 elementor-widget elementor-widget-heading\" data-id=\"19df459\" data-element_type=\"widget\" data-widget_type=\"heading.default\">\n\t\t\t\t<div class=\"elementor-widget-container\">\n\t\t\t\t\t<h1 class=\"elementor-heading-title elementor-size-default\">Decalques para Vidro \u2013 Resist\u00eancia, Eleg\u00e2ncia e Seguran\u00e7a<\/h1>\t\t\t\t<\/div>\n\t\t\t\t<\/div>\n\t\t\t\t\t<\/div>\n\t\t\t\t<\/div>\n\t\t<div class=\"elementor-element elementor-element-9df2eef e-flex e-con-boxed e-con e-parent\" data-id=\"9df2eef\" data-element_type=\"container\">\n\t\t\t\t\t<div class=\"e-con-inner\">\n\t\t<div class=\"elementor-element elementor-element-d4b32fb e-con-full e-flex e-con e-child\" data-id=\"d4b32fb\" data-element_type=\"container\">\n\t\t\t\t<div class=\"elementor-element elementor-element-c35eda8 elementor--h-position-center elementor--v-position-middle elementor-arrows-position-inside elementor-pagination-position-inside elementor-widget elementor-widget-slides\" data-id=\"c35eda8\" data-element_type=\"widget\" data-settings=\"{&quot;navigation&quot;:&quot;both&quot;,&quot;autoplay&quot;:&quot;yes&quot;,&quot;pause_on_hover&quot;:&quot;yes&quot;,&quot;pause_on_interaction&quot;:&quot;yes&quot;,&quot;autoplay_speed&quot;:5000,&quot;infinite&quot;:&quot;yes&quot;,&quot;transition&quot;:&quot;slide&quot;,&quot;transition_speed&quot;:500}\" data-widget_type=\"slides.default\">\n\t\t\t\t<div class=\"elementor-widget-container\">\n\t\t\t\t\t\t\t\t\t<div class=\"elementor-swiper\">\n\t\t\t\t\t<div class=\"elementor-slides-wrapper elementor-main-swiper swiper\" role=\"region\" aria-roledescription=\"carousel\" aria-label=\"Slides\" dir=\"ltr\" data-animation=\"fadeInUp\">\n\t\t\t\t<div class=\"swiper-wrapper elementor-slides\">\n\t\t\t\t\t\t\t\t\t\t<div class=\"elementor-repeater-item-7e01664 swiper-slide\" role=\"group\" aria-roledescription=\"slide\"><div class=\"swiper-slide-bg\" role=\"img\" aria-label=\"Aplicamos decalques em vidro com cores uniformes, decalcagem multicolor ou quadricromia, para vitrines, portas, janelas ou objetos decorativos. Acabamento de alta qualidade que real\u00e7a brilho e durabilidade.\"><\/div><div class=\"swiper-slide-inner\" ><div class=\"swiper-slide-contents\"><\/div><\/div><\/div><div class=\"elementor-repeater-item-bbd7981 swiper-slide\" role=\"group\" aria-roledescription=\"slide\"><div class=\"swiper-slide-bg\" role=\"img\" aria-label=\"Copo de vidro decorado\"><\/div><div class=\"swiper-slide-inner\" ><div class=\"swiper-slide-contents\"><\/div><\/div><\/div><div class=\"elementor-repeater-item-9bfa542 swiper-slide\" role=\"group\" aria-roledescription=\"slide\"><div class=\"swiper-slide-bg\" role=\"img\" aria-label=\"Vidro Oxal\u00e1\"><\/div><div class=\"swiper-slide-inner\" ><div class=\"swiper-slide-contents\"><\/div><\/div><\/div><div class=\"elementor-repeater-item-2ab6269 swiper-slide\" role=\"group\" aria-roledescription=\"slide\"><div class=\"swiper-slide-bg\" role=\"img\" aria-label=\"IMG_4226\"><\/div><div class=\"swiper-slide-inner\" ><div class=\"swiper-slide-contents\"><\/div><\/div><\/div>\t\t\t\t<\/div>\n\t\t\t\t\t\t\t\t\t\t\t\t\t\t\t<div class=\"elementor-swiper-button elementor-swiper-button-prev\" role=\"button\" tabindex=\"0\" aria-label=\"Previous slide\">\n\t\t\t\t\t\t\t<svg aria-hidden=\"true\" class=\"e-font-icon-svg e-eicon-chevron-left\" viewbox=\"0 0 1000 1000\" xmlns=\"http:\/\/www.w3.org\/2000\/svg\"><path d=\"M646 125C629 125 613 133 604 142L308 442C296 454 292 471 292 487 292 504 296 521 308 533L604 854C617 867 629 875 646 875 663 875 679 871 692 858 704 846 713 829 713 812 713 796 708 779 692 767L438 487 692 225C700 217 708 204 708 187 708 171 704 154 692 142 675 129 663 125 646 125Z\"><\/path><\/svg>\t\t\t\t\t\t<\/div>\n\t\t\t\t\t\t<div class=\"elementor-swiper-button elementor-swiper-button-next\" role=\"button\" tabindex=\"0\" aria-label=\"Next slide\">\n\t\t\t\t\t\t\t<svg aria-hidden=\"true\" class=\"e-font-icon-svg e-eicon-chevron-right\" viewbox=\"0 0 1000 1000\" xmlns=\"http:\/\/www.w3.org\/2000\/svg\"><path d=\"M696 533C708 521 713 504 713 487 713 471 708 454 696 446L400 146C388 133 375 125 354 125 338 125 325 129 313 142 300 154 292 171 292 187 292 204 296 221 308 233L563 492 304 771C292 783 288 800 288 817 288 833 296 850 308 863 321 871 338 875 354 875 371 875 388 867 400 854L696 533Z\"><\/path><\/svg>\t\t\t\t\t\t<\/div>\n\t\t\t\t\t\t\t\t\t\t\t\t\t\t\t\t<div class=\"swiper-pagination\"><\/div>\n\t\t\t\t\t\t\t\t\t\t\t\t<\/div>\n\t\t\t\t<\/div>\n\t\t\t\t\t\t\t\t<\/div>\n\t\t\t\t<\/div>\n\t\t\t\t<\/div>\n\t\t<div class=\"elementor-element elementor-element-509870d e-con-full e-flex e-con e-child\" data-id=\"509870d\" data-element_type=\"container\">\n\t\t\t\t<div class=\"elementor-element elementor-element-80eb551 elementor-widget elementor-widget-text-editor\" data-id=\"80eb551\" data-element_type=\"widget\" data-widget_type=\"text-editor.default\">\n\t\t\t\t<div class=\"elementor-widget-container\">\n\t\t\t\t\t\t\t\t\t<h2>Transforme superf\u00edcies de vidro com decalques de alta performance da <strong data-start=\"358\" data-end=\"370\">Decal<\/strong>: design refinado, acabamento premium e conformidade total com normas de seguran\u00e7a.<\/h2><h3 data-start=\"460\" data-end=\"495\">\u00a0<\/h3><h3 data-start=\"460\" data-end=\"495\"><strong data-start=\"464\" data-end=\"495\">Aplica\u00e7\u00f5es e Possibilidades<\/strong><\/h3><ul data-start=\"497\" data-end=\"844\"><li data-start=\"497\" data-end=\"592\"><h2 data-start=\"499\" data-end=\"592\"><strong data-start=\"499\" data-end=\"521\">Vidros decorativos<\/strong> para divis\u00f3rias, janelas, portas de interior, vitrines e mobili\u00e1rio;<\/h2><\/li><li data-start=\"593\" data-end=\"678\"><h2 data-start=\"595\" data-end=\"678\"><strong data-start=\"595\" data-end=\"633\">Pe\u00e7as para hotelaria e restaura\u00e7\u00e3o<\/strong>: jarras, copos decorativos, arte em vidro;<\/h2><\/li><li data-start=\"679\" data-end=\"752\"><h2 data-start=\"681\" data-end=\"752\"><strong data-start=\"681\" data-end=\"721\">Produtos industriais ou promocionais<\/strong> que usam vidro como suporte;<\/h2><\/li><li data-start=\"753\" data-end=\"844\"><h2 data-start=\"755\" data-end=\"844\">Personaliza\u00e7\u00f5es para projetos residenciais ou corporativos com vidro trabalhado ou plano.<\/h2><\/li><\/ul><h3 data-start=\"851\" data-end=\"894\"><strong data-start=\"855\" data-end=\"894\">Caracter\u00edsticas T\u00e9cnicas e Material<\/strong><\/h3><ul data-start=\"896\" data-end=\"1458\"><li data-start=\"896\" data-end=\"1064\"><p data-start=\"898\" data-end=\"1064\">Produzimos decalques espec\u00edficos para vidro com <strong data-start=\"946\" data-end=\"963\">cura a 520 \u00b0C<\/strong>, garantindo ader\u00eancia, durabilidade e resist\u00eancia \u2014 inclusive ao calor, humidade ou uso frequente.<\/p><\/li><li data-start=\"1065\" data-end=\"1232\"><p data-start=\"1067\" data-end=\"1232\">Disponibilizamos <strong data-start=\"1084\" data-end=\"1101\">cores s\u00f3lidas<\/strong> ou impress\u00f5es atrav\u00e9s de <strong data-start=\"1127\" data-end=\"1150\">quadricromia (CMYK)<\/strong>, possibilitando uma gama crom\u00e1tica rica e fidelidade nos gradientes e detalhes.<\/p><\/li><li data-start=\"1233\" data-end=\"1458\"><p data-start=\"1235\" data-end=\"1458\">Todos os decalques seguem rigorosamente as regulamenta\u00e7\u00f5es da <strong data-start=\"1297\" data-end=\"1320\">Uni\u00e3o Europeia (UE)<\/strong> e dos <strong data-start=\"1327\" data-end=\"1351\">Estados Unidos (EUA)<\/strong>, assegurando seguran\u00e7a alimentar, toxicidade m\u00ednima e uso seguro em ambientes de restaura\u00e7\u00e3o ou hotelaria.<\/p><\/li><\/ul><h3 data-start=\"1465\" data-end=\"1494\"><strong data-start=\"1469\" data-end=\"1494\">Diferenciais Decalcer<\/strong><\/h3><ul data-start=\"1496\" data-end=\"1828\"><li data-start=\"1496\" data-end=\"1582\"><p data-start=\"1498\" data-end=\"1582\">Uso de tintas certificadas, seguras para contacto indireto ou decorativo em vidro;<\/p><\/li><li data-start=\"1583\" data-end=\"1668\"><p data-start=\"1585\" data-end=\"1668\">Controle rigoroso da qualidade em cada etapa: design, produ\u00e7\u00e3o, cura, acabamento;<\/p><\/li><li data-start=\"1669\" data-end=\"1767\"><p data-start=\"1671\" data-end=\"1767\">Equipa de design que colabora consigo para adaptar arte existente ou criar designs exclusivos;<\/p><\/li><li data-start=\"1768\" data-end=\"1828\"><p data-start=\"1770\" data-end=\"1828\">Solu\u00e7\u00f5es que unem est\u00e9tica, durabilidade e funcionalidade.<\/p><\/li><\/ul>\t\t\t\t\t\t\t\t<\/div>\n\t\t\t\t<\/div>\n\t\t\t\t<div class=\"elementor-element elementor-element-6872f88 elementor-widget elementor-widget-text-editor\" data-id=\"6872f88\" data-element_type=\"widget\" data-widget_type=\"text-editor.default\">\n\t\t\t\t<div class=\"elementor-widget-container\">\n\t\t\t\t\t\t\t\t\t<h1 data-start=\"1835\" data-end=\"1880\"><strong data-start=\"1839\" data-end=\"1880\">Como Funciona o Processo de Encomenda<\/strong><\/h1><ol data-start=\"1882\" data-end=\"2229\"><li data-start=\"1882\" data-end=\"1964\"><h2 data-start=\"1885\" data-end=\"1964\">Envie-nos a sua ideia ou fique \u00e0 vontade para partilhar uma imagem ou esbo\u00e7o.<\/h2><\/li><li data-start=\"1965\" data-end=\"2053\"><h2 data-start=\"1968\" data-end=\"2053\">Definimos juntos as especifica\u00e7\u00f5es: tamanho, tipo de vidro, cor ou efeito desejado.<\/h2><\/li><li data-start=\"2054\" data-end=\"2154\"><h2 data-start=\"2057\" data-end=\"2154\">Realizamos a produ\u00e7\u00e3o com cura a 520 \u00b0C, garantindo acabamento final resistente e de qualidade.<\/h2><\/li><li data-start=\"2155\" data-end=\"2229\"><h2 data-start=\"2158\" data-end=\"2229\">Entrega r\u00e1pida e suporte para aplica\u00e7\u00e3o ou manuten\u00e7\u00e3o, se necess\u00e1rio.<\/h2><\/li><\/ol><p data-start=\"2231\" data-end=\"2352\"><strong data-start=\"2231\" data-end=\"2264\">Pe\u00e7a o seu or\u00e7amento gratuito<\/strong> \u2014 estamos prontos para criar decalques em vidro \u00fanicos e duradouros para o seu projeto.<\/p>\t\t\t\t\t\t\t\t<\/div>\n\t\t\t\t<\/div>\n\t\t\t\t<\/div>\n\t\t\t\t\t<\/div>\n\t\t\t\t<\/div>\n\t\t\t\t<\/div>","protected":false},"excerpt":{"rendered":"<p>We specialize in the manufacture of decals for glass application, with an exceptional curing process at 520\u00ba Celsius.<\/p>","protected":false},"author":1,"featured_media":298,"parent":0,"menu_order":0,"comment_status":"closed","ping_status":"closed","template":"","meta":{"footnotes":""},"class_list":["post-153","page","type-page","status-publish","has-post-thumbnail","hentry"],"yoast_head":"<!-- This site is optimized with the Yoast SEO plugin v26.1 - https:\/\/yoast.com\/wordpress\/plugins\/seo\/ -->\n<title>Vidro - Decalcer<\/title>\n<meta name=\"description\" content=\"Somos especializados na fabrica\u00e7\u00e3o de decalques para aplica\u00e7\u00e3o em vidro, com um processo de cura excepcional a 520\u00ba Celsius.\" \/>\n<meta name=\"robots\" content=\"index, follow, max-snippet:-1, max-image-preview:large, max-video-preview:-1\" \/>\n<link rel=\"canonical\" href=\"https:\/\/www.decalcer.com\/en\/vidro\/\" \/>\n<meta property=\"og:locale\" content=\"en_GB\" \/>\n<meta property=\"og:type\" content=\"article\" \/>\n<meta property=\"og:title\" content=\"Produzimos decalques espec\u00edficos para vidro com cura a 520 \u00b0C, garantindo ader\u00eancia, durabilidade e resist\u00eancia \u2014 inclusive ao calor, humidade ou uso frequente\" \/>\n<meta property=\"og:description\" content=\"Disponibilizamos cores s\u00f3lidas ou impress\u00f5es atrav\u00e9s de quadricromia (CMYK), possibilitando uma gama crom\u00e1tica rica e fidelidade nos gradientes e detalhes.Todos os decalques seguem rigorosamente as regulamenta\u00e7\u00f5es da Uni\u00e3o Europeia (UE) e dos Estados Unidos (EUA), assegurando seguran\u00e7a alimentar, toxicidade m\u00ednima e uso seguro em ambientes de restaura\u00e7\u00e3o ou hotelaria.\" \/>\n<meta property=\"og:url\" content=\"https:\/\/www.decalcer.com\/en\/vidro\/\" \/>\n<meta property=\"og:site_name\" content=\"Decalcer\" \/>\n<meta property=\"article:publisher\" content=\"https:\/\/www.facebook.com\/decalcer\" \/>\n<meta property=\"article:modified_time\" content=\"2025-10-07T08:40:31+00:00\" \/>\n<meta property=\"og:image\" content=\"https:\/\/www.decalcer.com\/wp-content\/uploads\/2023\/06\/IMG_4236.jpg\" \/>\n\t<meta property=\"og:image:width\" content=\"1000\" \/>\n\t<meta property=\"og:image:height\" content=\"1000\" \/>\n\t<meta property=\"og:image:type\" content=\"image\/jpeg\" \/>\n<meta name=\"twitter:card\" content=\"summary_large_image\" \/>\n<meta name=\"twitter:label1\" content=\"Estimated reading time\" \/>\n\t<meta name=\"twitter:data1\" content=\"2 minutes\" \/>\n<script type=\"application\/ld+json\" class=\"yoast-schema-graph\">{\"@context\":\"https:\/\/schema.org\",\"@graph\":[{\"@type\":\"WebPage\",\"@id\":\"https:\/\/www.decalcer.com\/vidro\/\",\"url\":\"https:\/\/www.decalcer.com\/vidro\/\",\"name\":\"Vidro - Decalcer\",\"isPartOf\":{\"@id\":\"https:\/\/www.decalcer.com\/#website\"},\"primaryImageOfPage\":{\"@id\":\"https:\/\/www.decalcer.com\/vidro\/#primaryimage\"},\"image\":{\"@id\":\"https:\/\/www.decalcer.com\/vidro\/#primaryimage\"},\"thumbnailUrl\":\"https:\/\/www.decalcer.com\/wp-content\/uploads\/2023\/06\/IMG_4226.jpg\",\"datePublished\":\"2023-06-30T15:48:32+00:00\",\"dateModified\":\"2025-10-07T08:40:31+00:00\",\"description\":\"Somos especializados na fabrica\u00e7\u00e3o de decalques para aplica\u00e7\u00e3o em vidro, com um processo de cura excepcional a 520\u00ba Celsius.\",\"breadcrumb\":{\"@id\":\"https:\/\/www.decalcer.com\/vidro\/#breadcrumb\"},\"inLanguage\":\"en-GB\",\"potentialAction\":[{\"@type\":\"ReadAction\",\"target\":[\"https:\/\/www.decalcer.com\/vidro\/\"]}]},{\"@type\":\"ImageObject\",\"inLanguage\":\"en-GB\",\"@id\":\"https:\/\/www.decalcer.com\/vidro\/#primaryimage\",\"url\":\"https:\/\/www.decalcer.com\/wp-content\/uploads\/2023\/06\/IMG_4226.jpg\",\"contentUrl\":\"https:\/\/www.decalcer.com\/wp-content\/uploads\/2023\/06\/IMG_4226.jpg\",\"width\":1000,\"height\":1000},{\"@type\":\"BreadcrumbList\",\"@id\":\"https:\/\/www.decalcer.com\/vidro\/#breadcrumb\",\"itemListElement\":[{\"@type\":\"ListItem\",\"position\":1,\"name\":\"In\u00edcio\",\"item\":\"https:\/\/www.decalcer.com\/\"},{\"@type\":\"ListItem\",\"position\":2,\"name\":\"Vidro\"}]},{\"@type\":\"WebSite\",\"@id\":\"https:\/\/www.decalcer.com\/#website\",\"url\":\"https:\/\/www.decalcer.com\/\",\"name\":\"Decalcer\",\"description\":\"Decalques cer\u00e2micos\",\"publisher\":{\"@id\":\"https:\/\/www.decalcer.com\/#organization\"},\"potentialAction\":[{\"@type\":\"SearchAction\",\"target\":{\"@type\":\"EntryPoint\",\"urlTemplate\":\"https:\/\/www.decalcer.com\/?s={search_term_string}\"},\"query-input\":{\"@type\":\"PropertyValueSpecification\",\"valueRequired\":true,\"valueName\":\"search_term_string\"}}],\"inLanguage\":\"en-GB\"},{\"@type\":\"Organization\",\"@id\":\"https:\/\/www.decalcer.com\/#organization\",\"name\":\"Decalcer decalques vitro unipessoal, Lda\",\"url\":\"https:\/\/www.decalcer.com\/\",\"logo\":{\"@type\":\"ImageObject\",\"inLanguage\":\"en-GB\",\"@id\":\"https:\/\/www.decalcer.com\/#\/schema\/logo\/image\/\",\"url\":\"https:\/\/www.decalcer.com\/wp-content\/uploads\/2023\/06\/logo-decalcer.png\",\"contentUrl\":\"https:\/\/www.decalcer.com\/wp-content\/uploads\/2023\/06\/logo-decalcer.png\",\"width\":900,\"height\":300,\"caption\":\"Decalcer decalques vitro unipessoal, Lda\"},\"image\":{\"@id\":\"https:\/\/www.decalcer.com\/#\/schema\/logo\/image\/\"},\"sameAs\":[\"https:\/\/www.facebook.com\/decalcer\",\"https:\/\/www.linkedin.com\/company\/decalcer\"]}]}<\/script>\n<!-- \/ Yoast SEO plugin. -->","yoast_head_json":{"title":"Vidro - Decalcer","description":"We specialize in the manufacture of decals for glass application, with an exceptional curing process at 520\u00ba Celsius.","robots":{"index":"index","follow":"follow","max-snippet":"max-snippet:-1","max-image-preview":"max-image-preview:large","max-video-preview":"max-video-preview:-1"},"canonical":"https:\/\/www.decalcer.com\/en\/vidro\/","og_locale":"en_GB","og_type":"article","og_title":"Produzimos decalques espec\u00edficos para vidro com cura a 520 \u00b0C, garantindo ader\u00eancia, durabilidade e resist\u00eancia \u2014 inclusive ao calor, humidade ou uso frequente","og_description":"Disponibilizamos cores s\u00f3lidas ou impress\u00f5es atrav\u00e9s de quadricromia (CMYK), possibilitando uma gama crom\u00e1tica rica e fidelidade nos gradientes e detalhes.Todos os decalques seguem rigorosamente as regulamenta\u00e7\u00f5es da Uni\u00e3o Europeia (UE) e dos Estados Unidos (EUA), assegurando seguran\u00e7a alimentar, toxicidade m\u00ednima e uso seguro em ambientes de restaura\u00e7\u00e3o ou hotelaria.","og_url":"https:\/\/www.decalcer.com\/en\/vidro\/","og_site_name":"Decalcer","article_publisher":"https:\/\/www.facebook.com\/decalcer","article_modified_time":"2025-10-07T08:40:31+00:00","og_image":[{"width":1000,"height":1000,"url":"https:\/\/www.decalcer.com\/wp-content\/uploads\/2023\/06\/IMG_4236.jpg","type":"image\/jpeg"}],"twitter_card":"summary_large_image","twitter_misc":{"Estimated reading time":"2 minutes"},"schema":{"@context":"https:\/\/schema.org","@graph":[{"@type":"WebPage","@id":"https:\/\/www.decalcer.com\/vidro\/","url":"https:\/\/www.decalcer.com\/vidro\/","name":"Vidro - Decalcer","isPartOf":{"@id":"https:\/\/www.decalcer.com\/#website"},"primaryImageOfPage":{"@id":"https:\/\/www.decalcer.com\/vidro\/#primaryimage"},"image":{"@id":"https:\/\/www.decalcer.com\/vidro\/#primaryimage"},"thumbnailUrl":"https:\/\/www.decalcer.com\/wp-content\/uploads\/2023\/06\/IMG_4226.jpg","datePublished":"2023-06-30T15:48:32+00:00","dateModified":"2025-10-07T08:40:31+00:00","description":"We specialize in the manufacture of decals for glass application, with an exceptional curing process at 520\u00ba Celsius.","breadcrumb":{"@id":"https:\/\/www.decalcer.com\/vidro\/#breadcrumb"},"inLanguage":"en-GB","potentialAction":[{"@type":"ReadAction","target":["https:\/\/www.decalcer.com\/vidro\/"]}]},{"@type":"ImageObject","inLanguage":"en-GB","@id":"https:\/\/www.decalcer.com\/vidro\/#primaryimage","url":"https:\/\/www.decalcer.com\/wp-content\/uploads\/2023\/06\/IMG_4226.jpg","contentUrl":"https:\/\/www.decalcer.com\/wp-content\/uploads\/2023\/06\/IMG_4226.jpg","width":1000,"height":1000},{"@type":"BreadcrumbList","@id":"https:\/\/www.decalcer.com\/vidro\/#breadcrumb","itemListElement":[{"@type":"ListItem","position":1,"name":"In\u00edcio","item":"https:\/\/www.decalcer.com\/"},{"@type":"ListItem","position":2,"name":"Vidro"}]},{"@type":"WebSite","@id":"https:\/\/www.decalcer.com\/#website","url":"https:\/\/www.decalcer.com\/","name":"Decal","description":"Decalques cer\u00e2micos","publisher":{"@id":"https:\/\/www.decalcer.com\/#organization"},"potentialAction":[{"@type":"SearchAction","target":{"@type":"EntryPoint","urlTemplate":"https:\/\/www.decalcer.com\/?s={search_term_string}"},"query-input":{"@type":"PropertyValueSpecification","valueRequired":true,"valueName":"search_term_string"}}],"inLanguage":"en-GB"},{"@type":"Organization","@id":"https:\/\/www.decalcer.com\/#organization","name":"Decalcer decalques vitro unipessoal, Lda","url":"https:\/\/www.decalcer.com\/","logo":{"@type":"ImageObject","inLanguage":"en-GB","@id":"https:\/\/www.decalcer.com\/#\/schema\/logo\/image\/","url":"https:\/\/www.decalcer.com\/wp-content\/uploads\/2023\/06\/logo-decalcer.png","contentUrl":"https:\/\/www.decalcer.com\/wp-content\/uploads\/2023\/06\/logo-decalcer.png","width":900,"height":300,"caption":"Decalcer decalques vitro unipessoal, Lda"},"image":{"@id":"https:\/\/www.decalcer.com\/#\/schema\/logo\/image\/"},"sameAs":["https:\/\/www.facebook.com\/decalcer","https:\/\/www.linkedin.com\/company\/decalcer"]}]}},"_links":{"self":[{"href":"https:\/\/www.decalcer.com\/en\/wp-json\/wp\/v2\/pages\/153","targetHints":{"allow":["GET"]}}],"collection":[{"href":"https:\/\/www.decalcer.com\/en\/wp-json\/wp\/v2\/pages"}],"about":[{"href":"https:\/\/www.decalcer.com\/en\/wp-json\/wp\/v2\/types\/page"}],"author":[{"embeddable":true,"href":"https:\/\/www.decalcer.com\/en\/wp-json\/wp\/v2\/users\/1"}],"replies":[{"embeddable":true,"href":"https:\/\/www.decalcer.com\/en\/wp-json\/wp\/v2\/comments?post=153"}],"version-history":[{"count":18,"href":"https:\/\/www.decalcer.com\/en\/wp-json\/wp\/v2\/pages\/153\/revisions"}],"predecessor-version":[{"id":570,"href":"https:\/\/www.decalcer.com\/en\/wp-json\/wp\/v2\/pages\/153\/revisions\/570"}],"wp:featuredmedia":[{"embeddable":true,"href":"https:\/\/www.decalcer.com\/en\/wp-json\/wp\/v2\/media\/298"}],"wp:attachment":[{"href":"https:\/\/www.decalcer.com\/en\/wp-json\/wp\/v2\/media?parent=153"}],"curies":[{"name":"wp","href":"https:\/\/api.w.org\/{rel}","templated":true}]}}