{"id":213,"date":"2023-06-29T10:50:47","date_gmt":"2023-06-29T10:50:47","guid":{"rendered":"https:\/\/decalcer.com\/wp\/?page_id=213"},"modified":"2025-10-07T08:29:49","modified_gmt":"2025-10-07T08:29:49","slug":"azulejos-personalizados","status":"publish","type":"page","link":"https:\/\/www.decalcer.com\/en\/azulejos-personalizados\/","title":{"rendered":"Tiles"},"content":{"rendered":"<div data-elementor-type=\"wp-page\" data-elementor-id=\"213\" class=\"elementor elementor-213\" data-elementor-post-type=\"page\">\n\t\t\t\t<div class=\"elementor-element elementor-element-8f67d3e e-flex e-con-boxed e-con e-parent\" data-id=\"8f67d3e\" data-element_type=\"container\">\n\t\t\t\t\t<div class=\"e-con-inner\">\n\t\t\t\t<div class=\"elementor-element elementor-element-a4a4f30 elementor-widget elementor-widget-image\" data-id=\"a4a4f30\" data-element_type=\"widget\" data-widget_type=\"image.default\">\n\t\t\t\t<div class=\"elementor-widget-container\">\n\t\t\t\t\t\t\t\t\t\t\t\t\t\t\t<img fetchpriority=\"high\" decoding=\"async\" width=\"1500\" height=\"1000\" src=\"https:\/\/www.decalcer.com\/wp-content\/uploads\/2023\/06\/IMG_5625.jpg\" class=\"attachment-2048x2048 size-2048x2048 wp-image-215\" alt=\"\" srcset=\"https:\/\/www.decalcer.com\/wp-content\/uploads\/2023\/06\/IMG_5625.jpg 1500w, https:\/\/www.decalcer.com\/wp-content\/uploads\/2023\/06\/IMG_5625-300x200.jpg 300w, https:\/\/www.decalcer.com\/wp-content\/uploads\/2023\/06\/IMG_5625-1024x683.jpg 1024w, https:\/\/www.decalcer.com\/wp-content\/uploads\/2023\/06\/IMG_5625-768x512.jpg 768w\" sizes=\"(max-width: 1500px) 100vw, 1500px\" \/>\t\t\t\t\t\t\t\t\t\t\t\t\t\t\t<\/div>\n\t\t\t\t<\/div>\n\t\t\t\t\t<\/div>\n\t\t\t\t<\/div>\n\t\t<div class=\"elementor-element elementor-element-ae45e14 e-flex e-con-boxed e-con e-parent\" data-id=\"ae45e14\" data-element_type=\"container\">\n\t\t\t\t\t<div class=\"e-con-inner\">\n\t\t<div class=\"elementor-element elementor-element-1a1facc e-con-full e-flex e-con e-child\" data-id=\"1a1facc\" data-element_type=\"container\">\n\t\t\t\t<div class=\"elementor-element elementor-element-aeceea9 elementor-widget elementor-widget-image\" data-id=\"aeceea9\" data-element_type=\"widget\" data-widget_type=\"image.default\">\n\t\t\t\t<div class=\"elementor-widget-container\">\n\t\t\t\t\t\t\t\t\t\t\t\t\t\t\t<img decoding=\"async\" width=\"291\" height=\"300\" src=\"https:\/\/www.decalcer.com\/wp-content\/uploads\/2023\/06\/Azulejo_acceramic-291x300.jpg\" class=\"attachment-medium size-medium wp-image-310\" alt=\"\" srcset=\"https:\/\/www.decalcer.com\/wp-content\/uploads\/2023\/06\/Azulejo_acceramic-291x300.jpg 291w, https:\/\/www.decalcer.com\/wp-content\/uploads\/2023\/06\/Azulejo_acceramic-992x1024.jpg 992w, https:\/\/www.decalcer.com\/wp-content\/uploads\/2023\/06\/Azulejo_acceramic-768x793.jpg 768w, https:\/\/www.decalcer.com\/wp-content\/uploads\/2023\/06\/Azulejo_acceramic.jpg 1200w\" sizes=\"(max-width: 291px) 100vw, 291px\" \/>\t\t\t\t\t\t\t\t\t\t\t\t\t\t\t<\/div>\n\t\t\t\t<\/div>\n\t\t\t\t<div class=\"elementor-element elementor-element-2022a85 elementor-widget elementor-widget-text-editor\" data-id=\"2022a85\" data-element_type=\"widget\" data-widget_type=\"text-editor.default\">\n\t\t\t\t<div class=\"elementor-widget-container\">\n\t\t\t\t\t\t\t\t\t<div id=\"u13636-5\" class=\"h2---subheading-left-dark clearfix grpelem shared_content\" data-muse-uid=\"U13636\" data-muse-type=\"txt_frame\" data-ibe-flags=\"txtStyleSrc\" data-content-guid=\"u13636-5_content\"><h1 id=\"u13636-3\">Personalised Tiles - Exclusive Design and High Quality<\/h1><\/div>\t\t\t\t\t\t\t\t<\/div>\n\t\t\t\t<\/div>\n\t\t\t\t<div class=\"elementor-element elementor-element-064e4df elementor-widget elementor-widget-text-editor\" data-id=\"064e4df\" data-element_type=\"widget\" data-widget_type=\"text-editor.default\">\n\t\t\t\t<div class=\"elementor-widget-container\">\n\t\t\t\t\t\t\t\t\t<h2>Give your spaces a unique touch with the <strong data-start=\"360\" data-end=\"399\">personalised tiles from Decalcer<\/strong>. We produce <strong data-start=\"412\" data-end=\"436\">individual tiles<\/strong> e <strong data-start=\"439\" data-end=\"462\">decorative panels<\/strong> customised, ideal for indoors and outdoors, guaranteeing <strong data-start=\"523\" data-end=\"565\">long-lasting colours, impeccable finish<\/strong> e <strong data-start=\"568\" data-end=\"608\">weather and temperature resistance<\/strong>.<\/h2><h4 data-start=\"1161\" data-end=\"1200\">\u00a0<\/h4><h4 data-start=\"1161\" data-end=\"1200\"><strong>Available sizes and shapes<\/strong><\/h4><h2 data-start=\"1201\" data-end=\"1454\">We offer <strong data-start=\"1212\" data-end=\"1245\">different tile sizes<\/strong>adapting the product to your specific needs.<br data-start=\"1300\" data-end=\"1303\" \/>We produce from <strong data-start=\"1320\" data-end=\"1352\">small, individual pieces<\/strong> until <strong data-start=\"1357\" data-end=\"1391\">large personalised panels<\/strong>with total flexibility in creating formats and compositions.<\/h2><div><h4 data-start=\"1461\" data-end=\"1501\">\u00a0<\/h4><h4 data-start=\"1461\" data-end=\"1501\"><strong data-start=\"1465\" data-end=\"1501\">Materials and Production Process<\/strong><\/h4><h2 data-start=\"1502\" data-end=\"1871\">Our personalised tiles are produced with high-quality decals applied to <strong data-start=\"1596\" data-end=\"1632\">porcelain, stoneware, earthenware and clay<\/strong>You can go through <strong data-start=\"1653\" data-end=\"1669\">820\u00ba cure<\/strong> or <strong data-start=\"1673\" data-end=\"1696\">high heat up to 1200\u00ba<\/strong>depending on the type of project.<br data-start=\"1725\" data-end=\"1728\" \/>The result is a surface <strong data-start=\"1757\" data-end=\"1800\">resistant to humidity, heat and wear<\/strong>ideal for <strong data-start=\"1813\" data-end=\"1870\">kitchens, bathrooms, facades and public spaces<\/strong>.<\/h2><\/div>\t\t\t\t\t\t\t\t<\/div>\n\t\t\t\t<\/div>\n\t\t\t\t<\/div>\n\t\t<div class=\"elementor-element elementor-element-3148864 e-con-full e-flex e-con e-child\" data-id=\"3148864\" data-element_type=\"container\">\n\t\t\t\t<div class=\"elementor-element elementor-element-a843092 elementor-widget elementor-widget-image\" data-id=\"a843092\" data-element_type=\"widget\" data-widget_type=\"image.default\">\n\t\t\t\t<div class=\"elementor-widget-container\">\n\t\t\t\t\t\t\t\t\t\t\t\t\t\t\t<img decoding=\"async\" width=\"300\" height=\"300\" src=\"https:\/\/www.decalcer.com\/wp-content\/uploads\/2023\/06\/Azulejo_15x15_vindimas_quasdrado-300x300.jpg\" class=\"attachment-medium size-medium wp-image-217\" alt=\"\" srcset=\"https:\/\/www.decalcer.com\/wp-content\/uploads\/2023\/06\/Azulejo_15x15_vindimas_quasdrado-300x300.jpg 300w, https:\/\/www.decalcer.com\/wp-content\/uploads\/2023\/06\/Azulejo_15x15_vindimas_quasdrado-150x150.jpg 150w, https:\/\/www.decalcer.com\/wp-content\/uploads\/2023\/06\/Azulejo_15x15_vindimas_quasdrado.jpg 500w\" sizes=\"(max-width: 300px) 100vw, 300px\" \/>\t\t\t\t\t\t\t\t\t\t\t\t\t\t\t<\/div>\n\t\t\t\t<\/div>\n\t\t\t\t<div class=\"elementor-element elementor-element-cab751f elementor-widget elementor-widget-text-editor\" data-id=\"cab751f\" data-element_type=\"widget\" data-widget_type=\"text-editor.default\">\n\t\t\t\t<div class=\"elementor-widget-container\">\n\t\t\t\t\t\t\t\t\t<div id=\"u13636-5\" class=\"h2---subheading-left-dark clearfix grpelem shared_content\" data-muse-uid=\"U13636\" data-muse-type=\"txt_frame\" data-ibe-flags=\"txtStyleSrc\" data-content-guid=\"u13636-5_content\"><h1 id=\"u13636-3\">Creation of Individual Tiles and Decorative Panels<\/h1><\/div>\t\t\t\t\t\t\t\t<\/div>\n\t\t\t\t<\/div>\n\t\t\t\t<div class=\"elementor-element elementor-element-5b2950d elementor-widget elementor-widget-text-editor\" data-id=\"5b2950d\" data-element_type=\"widget\" data-widget_type=\"text-editor.default\">\n\t\t\t\t<div class=\"elementor-widget-container\">\n\t\t\t\t\t\t\t\t\t<h2 data-start=\"678\" data-end=\"929\">In <strong data-start=\"681\" data-end=\"693\">Decal<\/strong>We can turn your idea into ceramic art. You can choose from <strong data-start=\"754\" data-end=\"839\">tiles personalised with images, logos, artistic patterns or photographs<\/strong>perfect for decorating, restoring fa\u00e7ades, commercial or residential spaces.<\/h2><h2 data-start=\"931\" data-end=\"1154\">We also created <strong data-start=\"946\" data-end=\"967\">complete panels<\/strong>These tiles can be combined to form artistic compositions and decorative murals. Each piece is produced with attention to detail, guaranteeing <strong data-start=\"1110\" data-end=\"1153\">colour accuracy, sharpness and durability<\/strong>.<\/h2><p>\u00a0<\/p><h4 data-start=\"1878\" data-end=\"1923\"><strong data-start=\"1882\" data-end=\"1923\">Personalised Design and Creative Support<\/strong><\/h4><h2 data-start=\"1924\" data-end=\"2174\">Our team of <strong data-start=\"1942\" data-end=\"1960\">graphic design<\/strong> can help you develop the ideal look for your project.<br data-start=\"2023\" data-end=\"2026\" \/>Whether you want to reproduce an existing artwork or create a completely new design, we guarantee a result <strong data-start=\"2130\" data-end=\"2173\">aesthetic, harmonious and faithful to your vision<\/strong>.<\/h2><h4 data-start=\"2181\" data-end=\"2206\"><strong data-start=\"2185\" data-end=\"2206\">Common applications<\/strong><\/h4><ul data-start=\"2207\" data-end=\"2467\"><li data-start=\"2207\" data-end=\"2259\"><p data-start=\"2209\" data-end=\"2259\">Decorating <strong data-start=\"2222\" data-end=\"2257\">interior and exterior walls<\/strong><\/p><\/li><li data-start=\"2260\" data-end=\"2336\"><p data-start=\"2262\" data-end=\"2336\"><strong data-start=\"2262\" data-end=\"2290\">Artistic coatings<\/strong> in hotels, restaurants and cultural spaces<\/p><\/li><li data-start=\"2337\" data-end=\"2392\"><p data-start=\"2339\" data-end=\"2392\"><strong data-start=\"2339\" data-end=\"2366\">Restoration projects<\/strong> historical heritage<\/p><\/li><li data-start=\"2393\" data-end=\"2467\"><p data-start=\"2395\" data-end=\"2467\"><strong data-start=\"2395\" data-end=\"2420\">Personalised murals<\/strong> for events, brands or corporate spaces<\/p><\/li><\/ul>\t\t\t\t\t\t\t\t<\/div>\n\t\t\t\t<\/div>\n\t\t\t\t<\/div>\n\t\t\t\t\t<\/div>\n\t\t\t\t<\/div>\n\t\t<div class=\"elementor-element elementor-element-7ac3481 e-flex e-con-boxed e-con e-parent\" data-id=\"7ac3481\" data-element_type=\"container\">\n\t\t\t\t\t<div class=\"e-con-inner\">\n\t\t\t\t<div class=\"elementor-element elementor-element-c9c6fb4 elementor-widget elementor-widget-text-editor\" data-id=\"c9c6fb4\" data-element_type=\"widget\" data-widget_type=\"text-editor.default\">\n\t\t\t\t<div class=\"elementor-widget-container\">\n\t\t\t\t\t\t\t\t\t<h1 data-start=\"2867\" data-end=\"2922\"><strong data-start=\"2871\" data-end=\"2922\">How to Order Your Personalised Tiles<\/strong><\/h1><ol data-start=\"2923\" data-end=\"3129\"><li data-start=\"2923\" data-end=\"2960\"><p data-start=\"2926\" data-end=\"2960\">Send us your idea or image.<\/p><\/li><li data-start=\"2961\" data-end=\"3015\"><p data-start=\"2964\" data-end=\"3015\">We define the size, format and finish together.<\/p><\/li><li data-start=\"3016\" data-end=\"3080\"><p data-start=\"3019\" data-end=\"3080\">We produce your project with the utmost precision and quality.<\/p><\/li><li data-start=\"3081\" data-end=\"3129\"><p data-start=\"3084\" data-end=\"3129\">You receive the final result, ready to apply.<\/p><\/li><\/ol><h2 data-start=\"3131\" data-end=\"3278\">Get in touch with us and <strong data-start=\"3160\" data-end=\"3201\">request your personalised quote now<\/strong>.<br data-start=\"3202\" data-end=\"3205\" \/>We're ready to turn your idea into excellent ceramics.<\/h2><p data-start=\"3280\" data-end=\"3304\"><a href=\"mailto:design@decalcer.com\"><strong data-start=\"3280\" data-end=\"3304\">Contact us now<\/strong><\/a><\/p>\t\t\t\t\t\t\t\t<\/div>\n\t\t\t\t<\/div>\n\t\t\t\t\t<\/div>\n\t\t\t\t<\/div>\n\t\t\t\t<\/div>","protected":false},"excerpt":{"rendered":"<p>A Decalcer \u00e9 especializada na produ\u00e7\u00e3o de decalques personalizados de alta qualidade, desenvolvidos para aplica\u00e7\u00e3o em porcelana, gr\u00e9s, faian\u00e7a e barro, com processos de cura at\u00e9 820\u00b0 e tamb\u00e9m em alto fogo at\u00e9 1200\u00b0, garantindo durabilidade, cor e resist\u00eancia superiores.<\/p>","protected":false},"author":1,"featured_media":203,"parent":0,"menu_order":0,"comment_status":"closed","ping_status":"closed","template":"","meta":{"footnotes":""},"class_list":["post-213","page","type-page","status-publish","has-post-thumbnail","hentry"],"yoast_head":"<!-- This site is optimized with the Yoast SEO plugin v26.1 - https:\/\/yoast.com\/wordpress\/plugins\/seo\/ -->\n<title>Azulejos - Decalcer<\/title>\n<meta name=\"description\" content=\"A Decalcer \u00e9 especializada na produ\u00e7\u00e3o de decalques personalizados de alta qualidade, desenvolvidos para aplica\u00e7\u00e3o em porcelana, gr\u00e9s, faian\u00e7a e barro, com processos de cura at\u00e9 820\u00b0 e tamb\u00e9m em alto fogo at\u00e9 1200\u00b0, garantindo durabilidade, cor e resist\u00eancia superiores.\" \/>\n<meta name=\"robots\" content=\"index, follow, max-snippet:-1, max-image-preview:large, max-video-preview:-1\" \/>\n<link rel=\"canonical\" href=\"https:\/\/www.decalcer.com\/en\/azulejos-personalizados\/\" \/>\n<meta property=\"og:locale\" content=\"en_GB\" \/>\n<meta property=\"og:type\" content=\"article\" \/>\n<meta property=\"og:title\" content=\"Azulejos - Decalcer\" \/>\n<meta property=\"og:description\" content=\"A Decalcer \u00e9 especializada na produ\u00e7\u00e3o de decalques personalizados de alta qualidade, desenvolvidos para aplica\u00e7\u00e3o em porcelana, gr\u00e9s, faian\u00e7a e barro, com processos de cura at\u00e9 820\u00b0 e tamb\u00e9m em alto fogo at\u00e9 1200\u00b0, garantindo durabilidade, cor e resist\u00eancia superiores.\" \/>\n<meta property=\"og:url\" content=\"https:\/\/www.decalcer.com\/en\/azulejos-personalizados\/\" \/>\n<meta property=\"og:site_name\" content=\"Decalcer\" \/>\n<meta property=\"article:publisher\" content=\"https:\/\/www.facebook.com\/decalcer\" \/>\n<meta property=\"article:modified_time\" content=\"2025-10-07T08:29:49+00:00\" \/>\n<meta property=\"og:image\" content=\"https:\/\/www.decalcer.com\/wp-content\/uploads\/2023\/06\/IMG_5607.jpg\" \/>\n\t<meta property=\"og:image:width\" content=\"1500\" \/>\n\t<meta property=\"og:image:height\" content=\"1000\" \/>\n\t<meta property=\"og:image:type\" content=\"image\/jpeg\" \/>\n<meta name=\"twitter:card\" content=\"summary_large_image\" \/>\n<meta name=\"twitter:label1\" content=\"Estimated reading time\" \/>\n\t<meta name=\"twitter:data1\" content=\"3 minutes\" \/>\n<script type=\"application\/ld+json\" class=\"yoast-schema-graph\">{\"@context\":\"https:\/\/schema.org\",\"@graph\":[{\"@type\":\"WebPage\",\"@id\":\"https:\/\/www.decalcer.com\/azulejos-personalizados\/\",\"url\":\"https:\/\/www.decalcer.com\/azulejos-personalizados\/\",\"name\":\"Azulejos - Decalcer\",\"isPartOf\":{\"@id\":\"https:\/\/www.decalcer.com\/#website\"},\"primaryImageOfPage\":{\"@id\":\"https:\/\/www.decalcer.com\/azulejos-personalizados\/#primaryimage\"},\"image\":{\"@id\":\"https:\/\/www.decalcer.com\/azulejos-personalizados\/#primaryimage\"},\"thumbnailUrl\":\"https:\/\/www.decalcer.com\/wp-content\/uploads\/2023\/06\/IMG_5607.jpg\",\"datePublished\":\"2023-06-29T10:50:47+00:00\",\"dateModified\":\"2025-10-07T08:29:49+00:00\",\"description\":\"A Decalcer \u00e9 especializada na produ\u00e7\u00e3o de decalques personalizados de alta qualidade, desenvolvidos para aplica\u00e7\u00e3o em porcelana, gr\u00e9s, faian\u00e7a e barro, com processos de cura at\u00e9 820\u00b0 e tamb\u00e9m em alto fogo at\u00e9 1200\u00b0, garantindo durabilidade, cor e resist\u00eancia superiores.\",\"breadcrumb\":{\"@id\":\"https:\/\/www.decalcer.com\/azulejos-personalizados\/#breadcrumb\"},\"inLanguage\":\"en-GB\",\"potentialAction\":[{\"@type\":\"ReadAction\",\"target\":[\"https:\/\/www.decalcer.com\/azulejos-personalizados\/\"]}]},{\"@type\":\"ImageObject\",\"inLanguage\":\"en-GB\",\"@id\":\"https:\/\/www.decalcer.com\/azulejos-personalizados\/#primaryimage\",\"url\":\"https:\/\/www.decalcer.com\/wp-content\/uploads\/2023\/06\/IMG_5607.jpg\",\"contentUrl\":\"https:\/\/www.decalcer.com\/wp-content\/uploads\/2023\/06\/IMG_5607.jpg\",\"width\":1500,\"height\":1000,\"caption\":\"Azulejos Personalizados \u2013 Design Exclusivo e Alta Qualidade\"},{\"@type\":\"BreadcrumbList\",\"@id\":\"https:\/\/www.decalcer.com\/azulejos-personalizados\/#breadcrumb\",\"itemListElement\":[{\"@type\":\"ListItem\",\"position\":1,\"name\":\"In\u00edcio\",\"item\":\"https:\/\/www.decalcer.com\/\"},{\"@type\":\"ListItem\",\"position\":2,\"name\":\"Azulejos\"}]},{\"@type\":\"WebSite\",\"@id\":\"https:\/\/www.decalcer.com\/#website\",\"url\":\"https:\/\/www.decalcer.com\/\",\"name\":\"Decalcer\",\"description\":\"Decalques cer\u00e2micos\",\"publisher\":{\"@id\":\"https:\/\/www.decalcer.com\/#organization\"},\"potentialAction\":[{\"@type\":\"SearchAction\",\"target\":{\"@type\":\"EntryPoint\",\"urlTemplate\":\"https:\/\/www.decalcer.com\/?s={search_term_string}\"},\"query-input\":{\"@type\":\"PropertyValueSpecification\",\"valueRequired\":true,\"valueName\":\"search_term_string\"}}],\"inLanguage\":\"en-GB\"},{\"@type\":\"Organization\",\"@id\":\"https:\/\/www.decalcer.com\/#organization\",\"name\":\"Decalcer decalques vitro unipessoal, Lda\",\"url\":\"https:\/\/www.decalcer.com\/\",\"logo\":{\"@type\":\"ImageObject\",\"inLanguage\":\"en-GB\",\"@id\":\"https:\/\/www.decalcer.com\/#\/schema\/logo\/image\/\",\"url\":\"https:\/\/www.decalcer.com\/wp-content\/uploads\/2023\/06\/logo-decalcer.png\",\"contentUrl\":\"https:\/\/www.decalcer.com\/wp-content\/uploads\/2023\/06\/logo-decalcer.png\",\"width\":900,\"height\":300,\"caption\":\"Decalcer decalques vitro unipessoal, Lda\"},\"image\":{\"@id\":\"https:\/\/www.decalcer.com\/#\/schema\/logo\/image\/\"},\"sameAs\":[\"https:\/\/www.facebook.com\/decalcer\",\"https:\/\/www.linkedin.com\/company\/decalcer\"]}]}<\/script>\n<!-- \/ Yoast SEO plugin. -->","yoast_head_json":{"title":"Azulejos - Decalcer","description":"A Decalcer \u00e9 especializada na produ\u00e7\u00e3o de decalques personalizados de alta qualidade, desenvolvidos para aplica\u00e7\u00e3o em porcelana, gr\u00e9s, faian\u00e7a e barro, com processos de cura at\u00e9 820\u00b0 e tamb\u00e9m em alto fogo at\u00e9 1200\u00b0, garantindo durabilidade, cor e resist\u00eancia superiores.","robots":{"index":"index","follow":"follow","max-snippet":"max-snippet:-1","max-image-preview":"max-image-preview:large","max-video-preview":"max-video-preview:-1"},"canonical":"https:\/\/www.decalcer.com\/en\/azulejos-personalizados\/","og_locale":"en_GB","og_type":"article","og_title":"Azulejos - Decalcer","og_description":"A Decalcer \u00e9 especializada na produ\u00e7\u00e3o de decalques personalizados de alta qualidade, desenvolvidos para aplica\u00e7\u00e3o em porcelana, gr\u00e9s, faian\u00e7a e barro, com processos de cura at\u00e9 820\u00b0 e tamb\u00e9m em alto fogo at\u00e9 1200\u00b0, garantindo durabilidade, cor e resist\u00eancia superiores.","og_url":"https:\/\/www.decalcer.com\/en\/azulejos-personalizados\/","og_site_name":"Decalcer","article_publisher":"https:\/\/www.facebook.com\/decalcer","article_modified_time":"2025-10-07T08:29:49+00:00","og_image":[{"width":1500,"height":1000,"url":"https:\/\/www.decalcer.com\/wp-content\/uploads\/2023\/06\/IMG_5607.jpg","type":"image\/jpeg"}],"twitter_card":"summary_large_image","twitter_misc":{"Estimated reading time":"3 minutes"},"schema":{"@context":"https:\/\/schema.org","@graph":[{"@type":"WebPage","@id":"https:\/\/www.decalcer.com\/azulejos-personalizados\/","url":"https:\/\/www.decalcer.com\/azulejos-personalizados\/","name":"Azulejos - Decalcer","isPartOf":{"@id":"https:\/\/www.decalcer.com\/#website"},"primaryImageOfPage":{"@id":"https:\/\/www.decalcer.com\/azulejos-personalizados\/#primaryimage"},"image":{"@id":"https:\/\/www.decalcer.com\/azulejos-personalizados\/#primaryimage"},"thumbnailUrl":"https:\/\/www.decalcer.com\/wp-content\/uploads\/2023\/06\/IMG_5607.jpg","datePublished":"2023-06-29T10:50:47+00:00","dateModified":"2025-10-07T08:29:49+00:00","description":"A Decalcer \u00e9 especializada na produ\u00e7\u00e3o de decalques personalizados de alta qualidade, desenvolvidos para aplica\u00e7\u00e3o em porcelana, gr\u00e9s, faian\u00e7a e barro, com processos de cura at\u00e9 820\u00b0 e tamb\u00e9m em alto fogo at\u00e9 1200\u00b0, garantindo durabilidade, cor e resist\u00eancia superiores.","breadcrumb":{"@id":"https:\/\/www.decalcer.com\/azulejos-personalizados\/#breadcrumb"},"inLanguage":"en-GB","potentialAction":[{"@type":"ReadAction","target":["https:\/\/www.decalcer.com\/azulejos-personalizados\/"]}]},{"@type":"ImageObject","inLanguage":"en-GB","@id":"https:\/\/www.decalcer.com\/azulejos-personalizados\/#primaryimage","url":"https:\/\/www.decalcer.com\/wp-content\/uploads\/2023\/06\/IMG_5607.jpg","contentUrl":"https:\/\/www.decalcer.com\/wp-content\/uploads\/2023\/06\/IMG_5607.jpg","width":1500,"height":1000,"caption":"Azulejos Personalizados \u2013 Design Exclusivo e Alta Qualidade"},{"@type":"BreadcrumbList","@id":"https:\/\/www.decalcer.com\/azulejos-personalizados\/#breadcrumb","itemListElement":[{"@type":"ListItem","position":1,"name":"In\u00edcio","item":"https:\/\/www.decalcer.com\/"},{"@type":"ListItem","position":2,"name":"Azulejos"}]},{"@type":"WebSite","@id":"https:\/\/www.decalcer.com\/#website","url":"https:\/\/www.decalcer.com\/","name":"Decal","description":"Decalques cer\u00e2micos","publisher":{"@id":"https:\/\/www.decalcer.com\/#organization"},"potentialAction":[{"@type":"SearchAction","target":{"@type":"EntryPoint","urlTemplate":"https:\/\/www.decalcer.com\/?s={search_term_string}"},"query-input":{"@type":"PropertyValueSpecification","valueRequired":true,"valueName":"search_term_string"}}],"inLanguage":"en-GB"},{"@type":"Organization","@id":"https:\/\/www.decalcer.com\/#organization","name":"Decalcer decalques vitro unipessoal, Lda","url":"https:\/\/www.decalcer.com\/","logo":{"@type":"ImageObject","inLanguage":"en-GB","@id":"https:\/\/www.decalcer.com\/#\/schema\/logo\/image\/","url":"https:\/\/www.decalcer.com\/wp-content\/uploads\/2023\/06\/logo-decalcer.png","contentUrl":"https:\/\/www.decalcer.com\/wp-content\/uploads\/2023\/06\/logo-decalcer.png","width":900,"height":300,"caption":"Decalcer decalques vitro unipessoal, Lda"},"image":{"@id":"https:\/\/www.decalcer.com\/#\/schema\/logo\/image\/"},"sameAs":["https:\/\/www.facebook.com\/decalcer","https:\/\/www.linkedin.com\/company\/decalcer"]}]}},"_links":{"self":[{"href":"https:\/\/www.decalcer.com\/en\/wp-json\/wp\/v2\/pages\/213","targetHints":{"allow":["GET"]}}],"collection":[{"href":"https:\/\/www.decalcer.com\/en\/wp-json\/wp\/v2\/pages"}],"about":[{"href":"https:\/\/www.decalcer.com\/en\/wp-json\/wp\/v2\/types\/page"}],"author":[{"embeddable":true,"href":"https:\/\/www.decalcer.com\/en\/wp-json\/wp\/v2\/users\/1"}],"replies":[{"embeddable":true,"href":"https:\/\/www.decalcer.com\/en\/wp-json\/wp\/v2\/comments?post=213"}],"version-history":[{"count":18,"href":"https:\/\/www.decalcer.com\/en\/wp-json\/wp\/v2\/pages\/213\/revisions"}],"predecessor-version":[{"id":564,"href":"https:\/\/www.decalcer.com\/en\/wp-json\/wp\/v2\/pages\/213\/revisions\/564"}],"wp:featuredmedia":[{"embeddable":true,"href":"https:\/\/www.decalcer.com\/en\/wp-json\/wp\/v2\/media\/203"}],"wp:attachment":[{"href":"https:\/\/www.decalcer.com\/en\/wp-json\/wp\/v2\/media?parent=213"}],"curies":[{"name":"wp","href":"https:\/\/api.w.org\/{rel}","templated":true}]}}